{"id":433,"date":"2020-01-25T08:55:32","date_gmt":"2020-01-25T05:55:32","guid":{"rendered":"https:\/\/hor.pixeflow.com\/contact-us\/"},"modified":"2022-10-31T07:12:51","modified_gmt":"2022-10-31T04:12:51","slug":"iletisim","status":"publish","type":"page","link":"https:\/\/horizonindustry.com\/tr\/iletisim\/","title":{"rendered":"\u0130leti\u015fim"},"content":{"rendered":"\t\t<div data-elementor-type=\"wp-page\" data-elementor-id=\"433\" class=\"elementor elementor-433 elementor-113\">\n\t\t\t\t\t\t<section class=\"elementor-section elementor-top-section elementor-element elementor-element-d72c912 elementor-section-full_width elementor-section-height-min-height elementor-section-height-default elementor-section-items-middle\" data-id=\"d72c912\" data-element_type=\"section\" data-settings=\"{&quot;background_background&quot;:&quot;classic&quot;}\">\n\t\t\t\t\t\t\t<div class=\"elementor-background-overlay\"><\/div>\n\t\t\t\t\t\t\t<div class=\"elementor-container elementor-column-gap-no\">\n\t\t\t\t\t<div class=\"aux-parallax-section elementor-column elementor-col-100 elementor-top-column elementor-element elementor-element-9126094\" data-id=\"9126094\" data-element_type=\"column\">\n\t\t\t<div class=\"elementor-widget-wrap elementor-element-populated\">\n\t\t\t\t\t\t<div class=\"aux-scroll-anim elementor-element elementor-element-cb9d7cd aux-appear-watch-animation aux-scale-down-1 elementor-widget elementor-widget-aux_modern_heading\" data-move-in=\"\" data-move-out=\"scale\" data-axis-x=\"200\" data-axis-y=\"200\" data-rotate=\"90\" data-scale=\"0.8\" data-vp-top=\"0.5\" data-vp-bot=\"0.5\" data-el-top=\"0.2\" data-scroll-animation-off=\"1024\" data-id=\"cb9d7cd\" data-element_type=\"widget\" data-widget_type=\"aux_modern_heading.default\">\n\t\t\t\t<div class=\"elementor-widget-container\">\n\t\t\t\t\t<section class=\"aux-widget-modern-heading\">\n            <div class=\"aux-widget-inner\"><h2 class=\"aux-modern-heading-primary\">\u0130leti\u015fim<\/h2><\/div>\n        <\/section>\t\t\t\t<\/div>\n\t\t\t\t<\/div>\n\t\t\t\t\t<\/div>\n\t\t<\/div>\n\t\t\t\t\t<\/div>\n\t\t<\/section>\n\t\t\t\t<section class=\"elementor-section elementor-top-section elementor-element elementor-element-b5ac2d9 elementor-reverse-tablet elementor-reverse-mobile elementor-section-boxed elementor-section-height-default elementor-section-height-default\" data-id=\"b5ac2d9\" data-element_type=\"section\">\n\t\t\t\t\t\t<div class=\"elementor-container elementor-column-gap-default\">\n\t\t\t\t\t<div class=\"aux-parallax-section elementor-column elementor-col-50 elementor-top-column elementor-element elementor-element-fe402af\" data-id=\"fe402af\" data-element_type=\"column\">\n\t\t\t<div class=\"elementor-widget-wrap elementor-element-populated\">\n\t\t\t\t\t\t<div class=\"elementor-element elementor-element-41cf436 aux-appear-watch-animation aux-fade-in-right elementor-widget elementor-widget-aux_modern_heading\" data-id=\"41cf436\" data-element_type=\"widget\" data-widget_type=\"aux_modern_heading.default\">\n\t\t\t\t<div class=\"elementor-widget-container\">\n\t\t\t\t\t<section class=\"aux-widget-modern-heading\">\n            <div class=\"aux-widget-inner\"><h2 class=\"aux-modern-heading-primary\"><\/h2><h3 class=\"aux-modern-heading-secondary\"><span class=\"aux-head-before\">\u0130let<\/span><span class=\"aux-head-highlight\">i\u015fim<\/span><\/h3><\/div>\n        <\/section>\t\t\t\t<\/div>\n\t\t\t\t<\/div>\n\t\t\t\t<div class=\"elementor-element elementor-element-abd9b2a aux-appear-watch-animation aux-fade-in-up elementor-widget elementor-widget-aux_modern_heading\" data-id=\"abd9b2a\" data-element_type=\"widget\" data-widget_type=\"aux_modern_heading.default\">\n\t\t\t\t<div class=\"elementor-widget-container\">\n\t\t\t\t\t<section class=\"aux-widget-modern-heading\">\n            <div class=\"aux-widget-inner\"><h2 class=\"aux-modern-heading-primary\">Bize Ula\u015f\u0131n<\/h2><div class=\"aux-modern-heading-divider\"><\/div><\/div>\n        <\/section>\t\t\t\t<\/div>\n\t\t\t\t<\/div>\n\t\t\t\t\t<\/div>\n\t\t<\/div>\n\t\t\t\t<div class=\"aux-parallax-section elementor-column elementor-col-50 elementor-top-column elementor-element elementor-element-7c4c45d\" data-id=\"7c4c45d\" data-element_type=\"column\">\n\t\t\t<div class=\"elementor-widget-wrap elementor-element-populated\">\n\t\t\t\t\t\t<div class=\"elementor-element elementor-element-ff190c9 aux-appear-watch-animation aux-mask-from-left elementor-widget elementor-widget-aux_image\" data-id=\"ff190c9\" data-element_type=\"widget\" data-widget_type=\"aux_image.default\">\n\t\t\t\t<div class=\"elementor-widget-container\">\n\t\t\t\t\t<section class=\"widget-container aux-widget-image aux-alignnone aux-parent-au59cd13a8\">\n    <div class=\"aux-media-hint-frame \">\n        <div class=\"aux-media-image \" >\n        \n            \n\n            \n            <img fetchpriority=\"high\" decoding=\"async\" width=\"1200\" height=\"800\" src=\"https:\/\/horizonindustry.com\/wp-content\/uploads\/2020\/11\/Customer-Service-4.jpg\" class=\"aux-attachment aux-featured-image aux-attachment-id-655\" alt=\"Young man wearing a headset having a conversation\" data-ratio=\"1.5\" data-original-w=\"1200\" \/>            \n                <\/div>\n    <\/div>\n\n<\/section><!-- widget-container -->\t\t\t\t<\/div>\n\t\t\t\t<\/div>\n\t\t\t\t\t<\/div>\n\t\t<\/div>\n\t\t\t\t\t<\/div>\n\t\t<\/section>\n\t\t\t\t<section class=\"elementor-section elementor-top-section elementor-element elementor-element-0cf867f elementor-section-boxed elementor-section-height-default elementor-section-height-default\" data-id=\"0cf867f\" data-element_type=\"section\">\n\t\t\t\t\t\t<div class=\"elementor-container elementor-column-gap-no\">\n\t\t\t\t\t<div class=\"aux-parallax-section elementor-column elementor-col-33 elementor-top-column elementor-element elementor-element-8f2a2e5 aux-appear-watch-animation aux-fade-in-left-1\" data-id=\"8f2a2e5\" data-element_type=\"column\" data-settings=\"{&quot;background_background&quot;:&quot;classic&quot;}\">\n\t\t\t<div class=\"elementor-widget-wrap elementor-element-populated\">\n\t\t\t\t\t\t<div class=\"elementor-element elementor-element-3de1f26 elementor-widget elementor-widget-aux_simple_svg\" data-id=\"3de1f26\" data-element_type=\"widget\" data-widget_type=\"aux_simple_svg.default\">\n\t\t\t\t<div class=\"elementor-widget-container\">\n\t\t\t\t\t    <div class=\"aux-widget-container aux-simple-svg-container\">\n        <div class=\"aux-widget-container-inner\">\n            <div class=\"aux-the-svg\"><img decoding=\"async\" src=\"https:\/\/horizonindustry.com\/wp-content\/uploads\/2020\/02\/Significon-Bulb.png\" title=\"demo-attachment-1012-Significon-Bulb\" alt=\"demo-attachment-1012-Significon-Bulb\" loading=\"lazy\" \/><\/div>\n        <\/div>\n    <\/div>\n    \t\t\t\t<\/div>\n\t\t\t\t<\/div>\n\t\t\t\t<div class=\"elementor-element elementor-element-ffdee66 elementor-widget elementor-widget-aux_modern_heading\" data-id=\"ffdee66\" data-element_type=\"widget\" data-widget_type=\"aux_modern_heading.default\">\n\t\t\t\t<div class=\"elementor-widget-container\">\n\t\t\t\t\t<section class=\"aux-widget-modern-heading\">\n            <div class=\"aux-widget-inner\"><h2 class=\"aux-modern-heading-primary\">E-posta:<\/h2><div class=\"aux-modern-heading-description\"><p>info@horizonindustry.com<\/p><p>www.horizonindustry.com<\/p><\/div><\/div>\n        <\/section>\t\t\t\t<\/div>\n\t\t\t\t<\/div>\n\t\t\t\t\t<\/div>\n\t\t<\/div>\n\t\t\t\t<div class=\"aux-parallax-section elementor-column elementor-col-33 elementor-top-column elementor-element elementor-element-cd6d0fe aux-appear-watch-animation aux-scale-down\" data-id=\"cd6d0fe\" data-element_type=\"column\" data-settings=\"{&quot;background_background&quot;:&quot;classic&quot;}\">\n\t\t\t<div class=\"elementor-widget-wrap elementor-element-populated\">\n\t\t\t\t\t\t<div class=\"elementor-element elementor-element-cae7e72 elementor-widget elementor-widget-aux_simple_svg\" data-id=\"cae7e72\" data-element_type=\"widget\" data-widget_type=\"aux_simple_svg.default\">\n\t\t\t\t<div class=\"elementor-widget-container\">\n\t\t\t\t\t    <div class=\"aux-widget-container aux-simple-svg-container\">\n        <div class=\"aux-widget-container-inner\">\n            <div class=\"aux-the-svg\"><svg xmlns=\"http:\/\/www.w3.org\/2000\/svg\" id=\"Layer_8\" width=\"75px\" height=\"75px\" viewBox=\"0 0 512 512\"> <defs><linearGradient id=\"linear-gradient\" x1=\"-0.104\" y1=\"0.406\" x2=\"0.866\" y2=\"0.852\" gradientUnits=\"objectBoundingBox\"><stop offset=\"0\" stop-color=\"#6A11CB\" \/><stop offset=\"1\" stop-color=\"#005BEA\" \/><\/linearGradient><\/defs> <path fill-rule=\"evenodd\" fill=\"url(#linear-gradient)\" d=\"M153.221,300.555c-6.256-6.26-6.256-16.396,0-22.663 c6.257-6.259,16.411-6.259,22.675,0c6.256,6.268,6.256,16.403,0,22.663C169.632,306.822,159.478,306.822,153.221,300.555 L153.221,300.555z M493.225,141.892l-45.342,45.325c-2.672,2.677-5.616,4.919-8.608,7.038c-1.218,0.84-2.476,1.649-3.733,2.383 c-1.663,1.008-3.39,1.868-5.124,2.692c-4.147,1.958-8.396,3.606-12.794,4.665c-21.003,5.08-44.014-0.375-60.409-16.778 c-1.04-1.041-4.756-2.612-6.077-3.427c-24.722-15.239-57.479-12.328-78.912,9.097l-62.328,62.342l-0.016-0.02v0.02 c-6.256,6.268-16.395,6.268-22.651,0c-6.265-6.264-6.265-16.419,0-22.667l62.323-62.338c35.974-35.979,93.336-37.397,131.109-4.431 l0,0c12.591,11.464,32.392,10.929,44.553-1.239l45.335-45.33c12.521-12.523,12.521-32.818,0-45.345l-22.667-22.663 c-0.875-0.879-1.883-1.528-2.977-2.012c-50.919-40.984-168.199,3.196-280.352,115.35C52.797,276.313,8.557,393.136,48.767,444.369 c0.57,1.251,1.359,2.438,2.453,3.533l1.977,1.969l0.016,0.023l20.683,20.67c12.521,12.527,32.805,12.527,45.318,0l45.342-45.325 c12.162-12.168,12.396-31.618,0.938-44.216c0.086-0.109,0.18-0.234,0.266-0.344c-0.375-0.32-0.844-0.43-1.203-0.79 c-6.256-6.259-6.256-16.402,0-22.662c6.265-6.26,16.411-6.26,22.675,0c16.395,16.38,21.847,39.409,16.77,60.4 c-1.062,4.415-2.71,8.705-4.687,12.847c-0.804,1.688-1.664,3.376-2.632,5.01c-0.773,1.312-1.578,2.618-2.46,3.876 c-2.093,2.978-4.335,5.885-6.991,8.542l-45.342,45.325c-25.042,25.03-65.626,25.03-90.668,0l-28.337-28.337 c-56.332-56.32-5.647-198.354,119.006-322.999C266.538,17.23,408.547-33.448,464.887,22.881l28.338,28.336 C518.258,76.248,518.258,116.857,493.225,141.892L493.225,141.892z\" \/> <\/svg><\/div>\n        <\/div>\n    <\/div>\n    \t\t\t\t<\/div>\n\t\t\t\t<\/div>\n\t\t\t\t<div class=\"elementor-element elementor-element-0ed3cc3 elementor-widget elementor-widget-aux_modern_heading\" data-id=\"0ed3cc3\" data-element_type=\"widget\" data-widget_type=\"aux_modern_heading.default\">\n\t\t\t\t<div class=\"elementor-widget-container\">\n\t\t\t\t\t<section class=\"aux-widget-modern-heading\">\n            <div class=\"aux-widget-inner\"><h2 class=\"aux-modern-heading-primary\">TELEFON:<\/h2><div class=\"aux-modern-heading-description\"><p>Tel: +90 212 856 00 27<br \/>Fax: +90 212 852 29 41<\/p><\/div><\/div>\n        <\/section>\t\t\t\t<\/div>\n\t\t\t\t<\/div>\n\t\t\t\t\t<\/div>\n\t\t<\/div>\n\t\t\t\t<div class=\"aux-parallax-section elementor-column elementor-col-33 elementor-top-column elementor-element elementor-element-e6ffc76 aux-appear-watch-animation aux-fade-in-right-1\" data-id=\"e6ffc76\" data-element_type=\"column\" data-settings=\"{&quot;background_background&quot;:&quot;classic&quot;}\">\n\t\t\t<div class=\"elementor-widget-wrap elementor-element-populated\">\n\t\t\t\t\t\t<div class=\"elementor-element elementor-element-343d3e5 elementor-widget elementor-widget-aux_simple_svg\" data-id=\"343d3e5\" data-element_type=\"widget\" data-widget_type=\"aux_simple_svg.default\">\n\t\t\t\t<div class=\"elementor-widget-container\">\n\t\t\t\t\t    <div class=\"aux-widget-container aux-simple-svg-container\">\n        <div class=\"aux-widget-container-inner\">\n            <div class=\"aux-the-svg\"><svg xmlns=\"http:\/\/www.w3.org\/2000\/svg\" id=\"Layer_4\" width=\"70px\" height=\"90px\" viewBox=\"0 0 512 512\"><defs><linearGradient id=\"linear-gradient\" x1=\"-0.104\" y1=\"0.406\" x2=\"0.866\" y2=\"0.852\" gradientUnits=\"objectBoundingBox\"><stop offset=\"0\" stop-color=\"#6A11CB\" \/><stop offset=\"1\" stop-color=\"#005BEA\" \/><\/linearGradient><\/defs> <path fill-rule=\"evenodd\" fill=\"url(#linear-gradient)\" d=\"M256,224.153c8.838,0,16.008,7.17,16.008,15.988 c0,8.834-7.17,16.004-16.008,16.004c-35.331,0-63.988-28.649-63.988-63.984c0-35.327,28.657-63.983,63.988-63.983 c35.347,0,63.979,28.657,63.979,63.983c0,8.834-7.162,15.988-15.98,15.988c-8.841,0-16.011-7.154-16.011-15.988 c0-17.675-14.317-31.992-31.988-31.992c-17.656,0-31.996,14.317-31.996,31.992C224.004,209.836,238.344,224.153,256,224.153 L256,224.153z M412.542,302.853c-35.038,55.376-69.709,110.909-104.052,166.66c-34.921,56.649-69.818,56.649-104.716,0 c-33.456-54.307-67.303-108.387-101.376-162.38c-25.462-33.867-38.131-74.24-38.295-114.644c0-0.125-0.043-0.203-0.043-0.328 c0-8.833,7.151-15.988,15.988-15.988s16.004,7.154,16.004,15.988h0.207c0.02,22.042,4.471,44.067,13.536,64.586 c0.371,0.844,0.761,1.663,1.152,2.515c4.081,8.795,8.962,17.238,14.711,25.337c28.633,45.403,57.064,90.97,85.162,136.685 c15.06,24.493,30.122,58.812,45.181,58.797c15.055,0,30.113-34.304,45.172-58.797c28.079-45.652,56.446-91.141,85.041-136.497 c5.912-8.325,10.958-17.019,15.105-26.087c0.242-0.555,0.516-1.085,0.758-1.624c26.079-58.712,15.184-129.866-32.961-178.01 c-62.483-62.484-163.751-62.484-226.216,0l-0.062-0.062c-2.901,2.882-6.877,4.694-11.31,4.694c-8.837,0-15.984-7.17-15.984-16.003 c0-4.413,1.773-8.428,4.675-11.31l-0.121-0.125c75.004-75.012,196.587-75.012,271.599,0 C458.874,123.413,465.692,227.863,412.542,302.853L412.542,302.853z M88.039,152.179c-8.833,0-15.984-7.17-15.984-16.011 c0-8.818,7.151-15.988,15.984-15.988c8.841,0,16.008,7.17,16.008,15.988C104.046,145.009,96.88,152.179,88.039,152.179 L88.039,152.179z\" \/> <\/svg><\/div>\n        <\/div>\n    <\/div>\n    \t\t\t\t<\/div>\n\t\t\t\t<\/div>\n\t\t\t\t<div class=\"elementor-element elementor-element-c770094 elementor-widget elementor-widget-aux_modern_heading\" data-id=\"c770094\" data-element_type=\"widget\" data-widget_type=\"aux_modern_heading.default\">\n\t\t\t\t<div class=\"elementor-widget-container\">\n\t\t\t\t\t<section class=\"aux-widget-modern-heading\">\n            <div class=\"aux-widget-inner\"><h2 class=\"aux-modern-heading-primary\">ADRES:<\/h2><div class=\"aux-modern-heading-description\">BARBAROS HAYRETT\u0130N PA\u015eA MAH.\n1992 SOK. NO 16 \/ 192\nESENYURT - \u0130STANBUL<\/div><\/div>\n        <\/section>\t\t\t\t<\/div>\n\t\t\t\t<\/div>\n\t\t\t\t\t<\/div>\n\t\t<\/div>\n\t\t\t\t\t<\/div>\n\t\t<\/section>\n\t\t\t\t<\/div>\n\t\t","protected":false},"excerpt":{"rendered":"<p>\u0130leti\u015fim \u0130leti\u015fim Bize Ula\u015f\u0131n E-posta: info@horizonindustry.com www.horizonindustry.com TELEFON: Tel: +90 212 856 00 27Fax: +90 212 852 29 41 ADRES: BARBAROS HAYRETT\u0130N PA\u015eA MAH. 1992 SOK. NO 16 \/ 192 ESENYURT &#8211; \u0130STANBUL<\/p>\n","protected":false},"author":3,"featured_media":0,"parent":0,"menu_order":0,"comment_status":"closed","ping_status":"closed","template":"templates\/page-builder-content.php","meta":{"footnotes":""},"class_list":["post-433","page","type-page","status-publish","hentry"],"_links":{"self":[{"href":"https:\/\/horizonindustry.com\/tr\/wp-json\/wp\/v2\/pages\/433","targetHints":{"allow":["GET"]}}],"collection":[{"href":"https:\/\/horizonindustry.com\/tr\/wp-json\/wp\/v2\/pages"}],"about":[{"href":"https:\/\/horizonindustry.com\/tr\/wp-json\/wp\/v2\/types\/page"}],"author":[{"embeddable":true,"href":"https:\/\/horizonindustry.com\/tr\/wp-json\/wp\/v2\/users\/3"}],"replies":[{"embeddable":true,"href":"https:\/\/horizonindustry.com\/tr\/wp-json\/wp\/v2\/comments?post=433"}],"version-history":[{"count":14,"href":"https:\/\/horizonindustry.com\/tr\/wp-json\/wp\/v2\/pages\/433\/revisions"}],"predecessor-version":[{"id":1278,"href":"https:\/\/horizonindustry.com\/tr\/wp-json\/wp\/v2\/pages\/433\/revisions\/1278"}],"wp:attachment":[{"href":"https:\/\/horizonindustry.com\/tr\/wp-json\/wp\/v2\/media?parent=433"}],"curies":[{"name":"wp","href":"https:\/\/api.w.org\/{rel}","templated":true}]}}